{"id":75,"date":"2023-05-27T17:43:16","date_gmt":"2023-05-27T15:43:16","guid":{"rendered":"https:\/\/imeloom.com\/laenutus\/?post_type=product&#038;p=75"},"modified":"2025-03-16T21:39:48","modified_gmt":"2025-03-16T19:39:48","slug":"janes-3a-4a-5a-6a-7a-8a","status":"publish","type":"product","link":"https:\/\/imeloom.com\/laenutus\/janes-3a-4a-5a-6a-7a-8a\/","title":{"rendered":"J\u00e4nes 3A-8A"},"content":{"rendered":"<p><strong>J\u00e4nese kost\u00fc\u00fcm<\/strong><\/p>\n<p><strong>Suurus :<\/strong> 3-8 A<\/p>\n<p>Tegemist on vestiga, mille k\u00fcljes on saba ja j\u00e4nese m\u00fctsiga.<\/p>\n<p>Vest:<br \/>\nKogupikkus 50 cm<br \/>\nLaius: 46 cm<br \/>\nAllservas kumm, \u00fclalt k\u00e4ib lahti ja kinnitub takjapaelaga.<\/p>\n<p>M\u00fcts: Pea\u00fcmberm\u00f5\u00f5t: 50-54 sentimeetrit.<br \/>\nH\u00e4stiistuv erineva suurusega peadele, sest m\u00fcts on tagant kummiga.<\/p>\n<p>Modellid pildil on 5-aastane ja 7-aastane.<\/p>\n<p>Materjal:\u00a0 pol\u00fcster<\/p>\n<p>Rendi aeg kuni 1 n\u00e4dal paki k\u00e4ttesaamisest.<\/p>\n<p>Pane ostukorvi ka tagatis, ilma tagatiseta tellimust ei v\u00e4ljastata. Tagatise saab peale toote tagastamist tagasi.<\/p>\n<p>Postiga tellides lisandub postikulu, tagastamine on tasuta.<\/p>\n","protected":false},"excerpt":{"rendered":"<p>J\u00e4nese kost\u00fc\u00fcm Suurus : 3-8 A Tegemist on vestiga, mille k\u00fcljes on saba ja j\u00e4nese m\u00fctsiga. Vest: Kogupikkus 50 cm Laius: 46 cm Allservas kumm, \u00fclalt k\u00e4ib lahti ja kinnitub takjapaelaga. M\u00fcts: Pea\u00fcmberm\u00f5\u00f5t: 50-54 sentimeetrit. H\u00e4stiistuv erineva suurusega peadele, sest m\u00fcts on tagant kummiga. Modellid pildil on 5-aastane ja 7-aastane. Materjal:\u00a0 pol\u00fcster Rendi aeg kuni [&hellip;]<\/p>\n","protected":false},"featured_media":84,"comment_status":"closed","ping_status":"closed","template":"","meta":{"site-sidebar-layout":"default","site-content-layout":"","ast-site-content-layout":"default","site-content-style":"default","site-sidebar-style":"default","ast-global-header-display":"","ast-banner-title-visibility":"","ast-main-header-display":"","ast-hfb-above-header-display":"","ast-hfb-below-header-display":"","ast-hfb-mobile-header-display":"","site-post-title":"","ast-breadcrumbs-content":"","ast-featured-img":"","footer-sml-layout":"","ast-disable-related-posts":"","theme-transparent-header-meta":"","adv-header-id-meta":"","stick-header-meta":"","header-above-stick-meta":"","header-main-stick-meta":"","header-below-stick-meta":"","astra-migrate-meta-layouts":"default","ast-page-background-enabled":"default","ast-page-background-meta":{"desktop":{"background-color":"var(--ast-global-color-4)","background-image":"","background-repeat":"repeat","background-position":"center center","background-size":"auto","background-attachment":"scroll","background-type":"","background-media":"","overlay-type":"","overlay-color":"","overlay-opacity":"","overlay-gradient":""},"tablet":{"background-color":"","background-image":"","background-repeat":"repeat","background-position":"center center","background-size":"auto","background-attachment":"scroll","background-type":"","background-media":"","overlay-type":"","overlay-color":"","overlay-opacity":"","overlay-gradient":""},"mobile":{"background-color":"","background-image":"","background-repeat":"repeat","background-position":"center center","background-size":"auto","background-attachment":"scroll","background-type":"","background-media":"","overlay-type":"","overlay-color":"","overlay-opacity":"","overlay-gradient":""}},"ast-content-background-meta":{"desktop":{"background-color":"var(--ast-global-color-5)","background-image":"","background-repeat":"repeat","background-position":"center center","background-size":"auto","background-attachment":"scroll","background-type":"","background-media":"","overlay-type":"","overlay-color":"","overlay-opacity":"","overlay-gradient":""},"tablet":{"background-color":"var(--ast-global-color-5)","background-image":"","background-repeat":"repeat","background-position":"center center","background-size":"auto","background-attachment":"scroll","background-type":"","background-media":"","overlay-type":"","overlay-color":"","overlay-opacity":"","overlay-gradient":""},"mobile":{"background-color":"var(--ast-global-color-5)","background-image":"","background-repeat":"repeat","background-position":"center center","background-size":"auto","background-attachment":"scroll","background-type":"","background-media":"","overlay-type":"","overlay-color":"","overlay-opacity":"","overlay-gradient":""}}},"product_brand":[],"product_cat":[16],"product_tag":[],"class_list":{"0":"post-75","1":"product","2":"type-product","3":"status-publish","4":"has-post-thumbnail","6":"product_cat-loomad","7":"product_size-37","8":"product_size-39","9":"product_size-41","10":"product_size-43","11":"product_size-45","12":"product_size-35","13":"desktop-align-left","14":"tablet-align-left","15":"mobile-align-left","16":"wcpa_has_options","18":"first","19":"instock","20":"shipping-taxable","21":"purchasable","22":"product-type-simple"},"_links":{"self":[{"href":"https:\/\/imeloom.com\/laenutus\/wp-json\/wp\/v2\/product\/75","targetHints":{"allow":["GET"]}}],"collection":[{"href":"https:\/\/imeloom.com\/laenutus\/wp-json\/wp\/v2\/product"}],"about":[{"href":"https:\/\/imeloom.com\/laenutus\/wp-json\/wp\/v2\/types\/product"}],"replies":[{"embeddable":true,"href":"https:\/\/imeloom.com\/laenutus\/wp-json\/wp\/v2\/comments?post=75"}],"wp:featuredmedia":[{"embeddable":true,"href":"https:\/\/imeloom.com\/laenutus\/wp-json\/wp\/v2\/media\/84"}],"wp:attachment":[{"href":"https:\/\/imeloom.com\/laenutus\/wp-json\/wp\/v2\/media?parent=75"}],"wp:term":[{"taxonomy":"product_brand","embeddable":true,"href":"https:\/\/imeloom.com\/laenutus\/wp-json\/wp\/v2\/product_brand?post=75"},{"taxonomy":"product_cat","embeddable":true,"href":"https:\/\/imeloom.com\/laenutus\/wp-json\/wp\/v2\/product_cat?post=75"},{"taxonomy":"product_tag","embeddable":true,"href":"https:\/\/imeloom.com\/laenutus\/wp-json\/wp\/v2\/product_tag?post=75"}],"curies":[{"name":"wp","href":"https:\/\/api.w.org\/{rel}","templated":true}]}}