{"id":419,"date":"2025-04-30T13:06:28","date_gmt":"2025-04-30T11:06:28","guid":{"rendered":"https:\/\/imeloom.com\/laenutus\/?post_type=product&#038;p=419"},"modified":"2025-04-30T13:21:41","modified_gmt":"2025-04-30T11:21:41","slug":"lamba-kostuum-s-m-1","status":"publish","type":"product","link":"https:\/\/imeloom.com\/laenutus\/lamba-kostuum-s-m-1\/","title":{"rendered":"Lamba kost\u00fc\u00fcm S"},"content":{"rendered":"<h4><strong>Lamba kost\u00fc\u00fcm<\/strong><\/h4>\n<p><strong>Suurus: S<\/strong><\/p>\n<p>Sobib ka noorematele ja v\u00e4iksem M (36)<\/p>\n<p><strong>Komplekti kuulub:<\/strong>\u00a0 karvane musta sabaga vest, lamba peakate ja liibuvad tunked suurus 36.<\/p>\n<p>Tunked on venivast materjalist, aga liibuvad, \u00f5lapaeltega.<\/p>\n<p>Vest kinnitub eest n\u00f6\u00f6biga<\/p>\n<p>Pildil olev modell kannab S &#8211; suurust\u00a0 ja on 170 cm pikk.<\/p>\n<p>Kost\u00fc\u00fcm on uuskasutus ja disainitud Imelooma poolt.<\/p>\n<p><strong>Rendi aeg kuni 1 n\u00e4dal.<\/strong><\/p>\n<p>Pane ostukorvi ka tagatis, ilma tagatiseta tellimust ei v\u00e4ljastata. Tagatise saab peale toote \u00f5igeaegselt tagastamist tagasi.<\/p>\n<p>Hinnale lisandub postikulu. Tagastamine on tasuta.<\/p>\n","protected":false},"excerpt":{"rendered":"<p>Lamba kost\u00fc\u00fcm Suurus: S Sobib ka noorematele ja v\u00e4iksem M (36) Komplekti kuulub:\u00a0 karvane musta sabaga vest, lamba peakate ja liibuvad tunked suurus 36. Tunked on venivast materjalist, aga liibuvad, \u00f5lapaeltega. Vest kinnitub eest n\u00f6\u00f6biga Pildil olev modell kannab S &#8211; suurust\u00a0 ja on 170 cm pikk. Kost\u00fc\u00fcm on uuskasutus ja disainitud Imelooma poolt. Rendi [&hellip;]<\/p>\n","protected":false},"featured_media":421,"comment_status":"closed","ping_status":"closed","template":"","meta":{"site-sidebar-layout":"default","site-content-layout":"","ast-site-content-layout":"default","site-content-style":"default","site-sidebar-style":"default","ast-global-header-display":"","ast-banner-title-visibility":"","ast-main-header-display":"","ast-hfb-above-header-display":"","ast-hfb-below-header-display":"","ast-hfb-mobile-header-display":"","site-post-title":"","ast-breadcrumbs-content":"","ast-featured-img":"","footer-sml-layout":"","ast-disable-related-posts":"","theme-transparent-header-meta":"default","adv-header-id-meta":"","stick-header-meta":"","header-above-stick-meta":"","header-main-stick-meta":"","header-below-stick-meta":"","astra-migrate-meta-layouts":"set","ast-page-background-enabled":"default","ast-page-background-meta":{"desktop":{"background-color":"var(--ast-global-color-4)","background-image":"","background-repeat":"repeat","background-position":"center center","background-size":"auto","background-attachment":"scroll","background-type":"","background-media":"","overlay-type":"","overlay-color":"","overlay-opacity":"","overlay-gradient":""},"tablet":{"background-color":"","background-image":"","background-repeat":"repeat","background-position":"center center","background-size":"auto","background-attachment":"scroll","background-type":"","background-media":"","overlay-type":"","overlay-color":"","overlay-opacity":"","overlay-gradient":""},"mobile":{"background-color":"","background-image":"","background-repeat":"repeat","background-position":"center center","background-size":"auto","background-attachment":"scroll","background-type":"","background-media":"","overlay-type":"","overlay-color":"","overlay-opacity":"","overlay-gradient":""}},"ast-content-background-meta":{"desktop":{"background-color":"var(--ast-global-color-5)","background-image":"","background-repeat":"repeat","background-position":"center center","background-size":"auto","background-attachment":"scroll","background-type":"","background-media":"","overlay-type":"","overlay-color":"","overlay-opacity":"","overlay-gradient":""},"tablet":{"background-color":"var(--ast-global-color-5)","background-image":"","background-repeat":"repeat","background-position":"center center","background-size":"auto","background-attachment":"scroll","background-type":"","background-media":"","overlay-type":"","overlay-color":"","overlay-opacity":"","overlay-gradient":""},"mobile":{"background-color":"var(--ast-global-color-5)","background-image":"","background-repeat":"repeat","background-position":"center center","background-size":"auto","background-attachment":"scroll","background-type":"","background-media":"","overlay-type":"","overlay-color":"","overlay-opacity":"","overlay-gradient":""}}},"product_brand":[],"product_cat":[16],"product_tag":[87],"class_list":{"0":"post-419","1":"product","2":"type-product","3":"status-publish","4":"has-post-thumbnail","6":"product_cat-loomad","7":"product_tag-lehma-kostuum","8":"product_size-m","9":"product_size-53","10":"product_size-55","11":"product_size-57","12":"product_size-s","13":"product_size-xs","14":"desktop-align-left","15":"tablet-align-left","16":"mobile-align-left","17":"wcpa_has_options","19":"first","20":"instock","21":"sold-individually","22":"shipping-taxable","23":"purchasable","24":"product-type-simple"},"_links":{"self":[{"href":"https:\/\/imeloom.com\/laenutus\/wp-json\/wp\/v2\/product\/419","targetHints":{"allow":["GET"]}}],"collection":[{"href":"https:\/\/imeloom.com\/laenutus\/wp-json\/wp\/v2\/product"}],"about":[{"href":"https:\/\/imeloom.com\/laenutus\/wp-json\/wp\/v2\/types\/product"}],"replies":[{"embeddable":true,"href":"https:\/\/imeloom.com\/laenutus\/wp-json\/wp\/v2\/comments?post=419"}],"wp:featuredmedia":[{"embeddable":true,"href":"https:\/\/imeloom.com\/laenutus\/wp-json\/wp\/v2\/media\/421"}],"wp:attachment":[{"href":"https:\/\/imeloom.com\/laenutus\/wp-json\/wp\/v2\/media?parent=419"}],"wp:term":[{"taxonomy":"product_brand","embeddable":true,"href":"https:\/\/imeloom.com\/laenutus\/wp-json\/wp\/v2\/product_brand?post=419"},{"taxonomy":"product_cat","embeddable":true,"href":"https:\/\/imeloom.com\/laenutus\/wp-json\/wp\/v2\/product_cat?post=419"},{"taxonomy":"product_tag","embeddable":true,"href":"https:\/\/imeloom.com\/laenutus\/wp-json\/wp\/v2\/product_tag?post=419"}],"curies":[{"name":"wp","href":"https:\/\/api.w.org\/{rel}","templated":true}]}}