{"id":410,"date":"2025-04-30T11:01:29","date_gmt":"2025-04-30T09:01:29","guid":{"rendered":"https:\/\/imeloom.com\/laenutus\/?post_type=product&#038;p=410"},"modified":"2025-04-30T11:20:25","modified_gmt":"2025-04-30T09:20:25","slug":"lehma-kostuum-laenutus-2","status":"publish","type":"product","link":"https:\/\/imeloom.com\/laenutus\/lehma-kostuum-laenutus-2\/","title":{"rendered":"Lehma kost\u00fc\u00fcm L\/XL"},"content":{"rendered":"<h4><strong>Lehma kost\u00fc\u00fcm<\/strong><\/h4>\n<p><strong>Suurus: L\/XL<\/strong><\/p>\n<p><strong>Komplekti kuulub:<\/strong>\u00a0 vest, seelik ja peakate<\/p>\n<p>Vesti n\u00f6\u00f6p l\u00e4heb kinni kuni v\u00f6\u00f6\u00fcmberm\u00f5\u00f5duni 110 cm. v\u00f5ib j\u00e4tta ka lahti.<\/p>\n<p>Seeliku kumm venib kuni v\u00f6\u00f6\u00fcmberm\u00f5\u00f5duni 110 cm.<\/p>\n<p>Seeliku pikkus ilma narmasteta: 50 cm<\/p>\n<p>Pildil olev modell kannab suurust L ja on 170 cm pikk.<\/p>\n<p>Seelik ja vest on uuskasutus ja disainitud Imelooma poolt. Peakate on \u00f5mmeldud samast materjalist kui vest.<\/p>\n<p><strong>Rendi aeg kuni 1 n\u00e4dal.<\/strong><\/p>\n<p>Pane ostukorvi ka tagatis, ilma tagatiseta tellimust ei v\u00e4ljastata. Tagatise saab peale toote \u00f5igeaegselt tagastamist tagasi.<\/p>\n<p>Hinnale lisandub postikulu. Tagastamine on tasuta.<\/p>\n","protected":false},"excerpt":{"rendered":"<p>Lehma kost\u00fc\u00fcm Suurus: L\/XL Komplekti kuulub:\u00a0 vest, seelik ja peakate Vesti n\u00f6\u00f6p l\u00e4heb kinni kuni v\u00f6\u00f6\u00fcmberm\u00f5\u00f5duni 110 cm. v\u00f5ib j\u00e4tta ka lahti. Seeliku kumm venib kuni v\u00f6\u00f6\u00fcmberm\u00f5\u00f5duni 110 cm. Seeliku pikkus ilma narmasteta: 50 cm Pildil olev modell kannab suurust L ja on 170 cm pikk. Seelik ja vest on uuskasutus ja disainitud Imelooma poolt. [&hellip;]<\/p>\n","protected":false},"featured_media":412,"comment_status":"closed","ping_status":"closed","template":"","meta":{"site-sidebar-layout":"default","site-content-layout":"","ast-site-content-layout":"default","site-content-style":"default","site-sidebar-style":"default","ast-global-header-display":"","ast-banner-title-visibility":"","ast-main-header-display":"","ast-hfb-above-header-display":"","ast-hfb-below-header-display":"","ast-hfb-mobile-header-display":"","site-post-title":"","ast-breadcrumbs-content":"","ast-featured-img":"","footer-sml-layout":"","ast-disable-related-posts":"","theme-transparent-header-meta":"default","adv-header-id-meta":"","stick-header-meta":"","header-above-stick-meta":"","header-main-stick-meta":"","header-below-stick-meta":"","astra-migrate-meta-layouts":"set","ast-page-background-enabled":"default","ast-page-background-meta":{"desktop":{"background-color":"var(--ast-global-color-4)","background-image":"","background-repeat":"repeat","background-position":"center center","background-size":"auto","background-attachment":"scroll","background-type":"","background-media":"","overlay-type":"","overlay-color":"","overlay-opacity":"","overlay-gradient":""},"tablet":{"background-color":"","background-image":"","background-repeat":"repeat","background-position":"center center","background-size":"auto","background-attachment":"scroll","background-type":"","background-media":"","overlay-type":"","overlay-color":"","overlay-opacity":"","overlay-gradient":""},"mobile":{"background-color":"","background-image":"","background-repeat":"repeat","background-position":"center center","background-size":"auto","background-attachment":"scroll","background-type":"","background-media":"","overlay-type":"","overlay-color":"","overlay-opacity":"","overlay-gradient":""}},"ast-content-background-meta":{"desktop":{"background-color":"var(--ast-global-color-5)","background-image":"","background-repeat":"repeat","background-position":"center center","background-size":"auto","background-attachment":"scroll","background-type":"","background-media":"","overlay-type":"","overlay-color":"","overlay-opacity":"","overlay-gradient":""},"tablet":{"background-color":"var(--ast-global-color-5)","background-image":"","background-repeat":"repeat","background-position":"center center","background-size":"auto","background-attachment":"scroll","background-type":"","background-media":"","overlay-type":"","overlay-color":"","overlay-opacity":"","overlay-gradient":""},"mobile":{"background-color":"var(--ast-global-color-5)","background-image":"","background-repeat":"repeat","background-position":"center center","background-size":"auto","background-attachment":"scroll","background-type":"","background-media":"","overlay-type":"","overlay-color":"","overlay-opacity":"","overlay-gradient":""}}},"product_brand":[],"product_cat":[16],"product_tag":[87],"class_list":{"0":"post-410","1":"product","2":"type-product","3":"status-publish","4":"has-post-thumbnail","6":"product_cat-loomad","7":"product_tag-lehma-kostuum","8":"product_size-m","9":"product_size-l","10":"product_size-xl","11":"desktop-align-left","12":"tablet-align-left","13":"mobile-align-left","14":"wcpa_has_options","16":"first","17":"instock","18":"sold-individually","19":"shipping-taxable","20":"purchasable","21":"product-type-simple"},"_links":{"self":[{"href":"https:\/\/imeloom.com\/laenutus\/wp-json\/wp\/v2\/product\/410","targetHints":{"allow":["GET"]}}],"collection":[{"href":"https:\/\/imeloom.com\/laenutus\/wp-json\/wp\/v2\/product"}],"about":[{"href":"https:\/\/imeloom.com\/laenutus\/wp-json\/wp\/v2\/types\/product"}],"replies":[{"embeddable":true,"href":"https:\/\/imeloom.com\/laenutus\/wp-json\/wp\/v2\/comments?post=410"}],"wp:featuredmedia":[{"embeddable":true,"href":"https:\/\/imeloom.com\/laenutus\/wp-json\/wp\/v2\/media\/412"}],"wp:attachment":[{"href":"https:\/\/imeloom.com\/laenutus\/wp-json\/wp\/v2\/media?parent=410"}],"wp:term":[{"taxonomy":"product_brand","embeddable":true,"href":"https:\/\/imeloom.com\/laenutus\/wp-json\/wp\/v2\/product_brand?post=410"},{"taxonomy":"product_cat","embeddable":true,"href":"https:\/\/imeloom.com\/laenutus\/wp-json\/wp\/v2\/product_cat?post=410"},{"taxonomy":"product_tag","embeddable":true,"href":"https:\/\/imeloom.com\/laenutus\/wp-json\/wp\/v2\/product_tag?post=410"}],"curies":[{"name":"wp","href":"https:\/\/api.w.org\/{rel}","templated":true}]}}