{"id":323,"date":"2024-03-19T15:59:37","date_gmt":"2024-03-19T13:59:37","guid":{"rendered":"https:\/\/imeloom.com\/laenutus\/?post_type=product&#038;p=323"},"modified":"2024-03-22T14:05:30","modified_gmt":"2024-03-22T12:05:30","slug":"oina-kustuum-m","status":"publish","type":"product","link":"https:\/\/imeloom.com\/laenutus\/oina-kustuum-m\/","title":{"rendered":"Oina k\u00fcst\u00fc\u00fcm M"},"content":{"rendered":"<p><strong>Suurus: M<\/strong><\/p>\n<p><strong>Komplekti kuulub:<\/strong>\u00a0 sarvedega peav\u00f5ru ja must karvane vest<\/p>\n<p>Vesti suurus M.\u00a0 Pikkus\u00a0 64 cm, kinnitub eest nelja haagiga, aga k\u00f5iki ei pea kinni panema.<\/p>\n<p>Pildil olev modell kannab M- suurust\u00a0 ja on 170 cm pikk. Puus 110 cm.<\/p>\n<p>Rendi aeg kuni 1 n\u00e4dal.<\/p>\n<p>Pane ostukorvi ka tagatis, ilma tagatiseta tellimust ei v\u00e4ljastata. Tagatise saab peale toote \u00f5igeaegselt tagastamist tagasi.<\/p>\n<p>Hinnale lisandub postikulu. Tagastamine on tasuta.<\/p>\n","protected":false},"excerpt":{"rendered":"<p>Suurus: M Komplekti kuulub:\u00a0 sarvedega peav\u00f5ru ja must karvane vest Vesti suurus M.\u00a0 Pikkus\u00a0 64 cm, kinnitub eest nelja haagiga, aga k\u00f5iki ei pea kinni panema. Pildil olev modell kannab M- suurust\u00a0 ja on 170 cm pikk. Puus 110 cm. Rendi aeg kuni 1 n\u00e4dal. Pane ostukorvi ka tagatis, ilma tagatiseta tellimust ei v\u00e4ljastata. Tagatise [&hellip;]<\/p>\n","protected":false},"featured_media":324,"comment_status":"closed","ping_status":"closed","template":"","meta":{"site-sidebar-layout":"default","site-content-layout":"","ast-site-content-layout":"default","site-content-style":"default","site-sidebar-style":"default","ast-global-header-display":"","ast-banner-title-visibility":"","ast-main-header-display":"","ast-hfb-above-header-display":"","ast-hfb-below-header-display":"","ast-hfb-mobile-header-display":"","site-post-title":"","ast-breadcrumbs-content":"","ast-featured-img":"","footer-sml-layout":"","ast-disable-related-posts":"","theme-transparent-header-meta":"","adv-header-id-meta":"","stick-header-meta":"","header-above-stick-meta":"","header-main-stick-meta":"","header-below-stick-meta":"","astra-migrate-meta-layouts":"default","ast-page-background-enabled":"default","ast-page-background-meta":{"desktop":{"background-color":"var(--ast-global-color-4)","background-image":"","background-repeat":"repeat","background-position":"center center","background-size":"auto","background-attachment":"scroll","background-type":"","background-media":"","overlay-type":"","overlay-color":"","overlay-opacity":"","overlay-gradient":""},"tablet":{"background-color":"","background-image":"","background-repeat":"repeat","background-position":"center center","background-size":"auto","background-attachment":"scroll","background-type":"","background-media":"","overlay-type":"","overlay-color":"","overlay-opacity":"","overlay-gradient":""},"mobile":{"background-color":"","background-image":"","background-repeat":"repeat","background-position":"center center","background-size":"auto","background-attachment":"scroll","background-type":"","background-media":"","overlay-type":"","overlay-color":"","overlay-opacity":"","overlay-gradient":""}},"ast-content-background-meta":{"desktop":{"background-color":"var(--ast-global-color-5)","background-image":"","background-repeat":"repeat","background-position":"center center","background-size":"auto","background-attachment":"scroll","background-type":"","background-media":"","overlay-type":"","overlay-color":"","overlay-opacity":"","overlay-gradient":""},"tablet":{"background-color":"var(--ast-global-color-5)","background-image":"","background-repeat":"repeat","background-position":"center center","background-size":"auto","background-attachment":"scroll","background-type":"","background-media":"","overlay-type":"","overlay-color":"","overlay-opacity":"","overlay-gradient":""},"mobile":{"background-color":"var(--ast-global-color-5)","background-image":"","background-repeat":"repeat","background-position":"center center","background-size":"auto","background-attachment":"scroll","background-type":"","background-media":"","overlay-type":"","overlay-color":"","overlay-opacity":"","overlay-gradient":""}}},"product_brand":[],"product_cat":[16],"product_tag":[74,75],"class_list":{"0":"post-323","1":"product","2":"type-product","3":"status-publish","4":"has-post-thumbnail","6":"product_cat-loomad","7":"product_tag-notsu-kostuum","8":"product_tag-sea-kostuum","9":"product_size-m","10":"product_size-s","11":"desktop-align-left","12":"tablet-align-left","13":"mobile-align-left","14":"wcpa_has_options","16":"first","17":"instock","18":"sold-individually","19":"shipping-taxable","20":"purchasable","21":"product-type-simple"},"_links":{"self":[{"href":"https:\/\/imeloom.com\/laenutus\/wp-json\/wp\/v2\/product\/323","targetHints":{"allow":["GET"]}}],"collection":[{"href":"https:\/\/imeloom.com\/laenutus\/wp-json\/wp\/v2\/product"}],"about":[{"href":"https:\/\/imeloom.com\/laenutus\/wp-json\/wp\/v2\/types\/product"}],"replies":[{"embeddable":true,"href":"https:\/\/imeloom.com\/laenutus\/wp-json\/wp\/v2\/comments?post=323"}],"wp:featuredmedia":[{"embeddable":true,"href":"https:\/\/imeloom.com\/laenutus\/wp-json\/wp\/v2\/media\/324"}],"wp:attachment":[{"href":"https:\/\/imeloom.com\/laenutus\/wp-json\/wp\/v2\/media?parent=323"}],"wp:term":[{"taxonomy":"product_brand","embeddable":true,"href":"https:\/\/imeloom.com\/laenutus\/wp-json\/wp\/v2\/product_brand?post=323"},{"taxonomy":"product_cat","embeddable":true,"href":"https:\/\/imeloom.com\/laenutus\/wp-json\/wp\/v2\/product_cat?post=323"},{"taxonomy":"product_tag","embeddable":true,"href":"https:\/\/imeloom.com\/laenutus\/wp-json\/wp\/v2\/product_tag?post=323"}],"curies":[{"name":"wp","href":"https:\/\/api.w.org\/{rel}","templated":true}]}}