{"id":318,"date":"2024-03-03T19:28:37","date_gmt":"2024-03-03T17:28:37","guid":{"rendered":"https:\/\/imeloom.com\/laenutus\/?post_type=product&#038;p=318"},"modified":"2025-04-30T13:52:49","modified_gmt":"2025-04-30T11:52:49","slug":"sea-kustuum-laenutus-m-1","status":"publish","type":"product","link":"https:\/\/imeloom.com\/laenutus\/sea-kustuum-laenutus-m-1\/","title":{"rendered":"Sea kost\u00fc\u00fcm M"},"content":{"rendered":"<h2><strong>Sea kost\u00fc\u00fcm<\/strong><\/h2>\n<p><strong>Suurus: M<\/strong><\/p>\n<p><strong>Komplekti kuulub:<\/strong>\u00a0 roosa kleit, saba, roosad randmed ja notsu peakate<\/p>\n<p>Kleit suurus M. Alt v\u00f5rkvoodriga, taskutega.<\/p>\n<p>Pikkus\u00a0 90 cm<\/p>\n<p>Rinna peal, k\u00e4te all k\u00f5ige kitsam koht ja see on 90 cm. Ei veni.<\/p>\n<p>Peakate on tagant kummiga ja sobib seega erineva suurusega peadele.<\/p>\n<p>Pildil olev modell kannab L- suurust\u00a0 ja on 170 cm pikk. Puus 110 cm.<\/p>\n<p>Materjal:\u00a0 erinevad materjalid (kleit (65% puuvill, 35% pol\u00fcester), peakate fliis (100% pol\u00fcester)).<\/p>\n<p><strong>Rendi aeg kuni 1 n\u00e4dal paki k\u00e4ttesaamisest.<\/strong><\/p>\n<p>Pane ostukorvi ka tagatis, ilma tagatiseta tellimust ei v\u00e4ljastata. Tagatise saab peale toote \u00f5igeaegselt tagastamist tagasi.<\/p>\n<p>Hinnale lisandub postikulu, tagastamine on tasuta<\/p>\n","protected":false},"excerpt":{"rendered":"<p>Sea kost\u00fc\u00fcm Suurus: M Komplekti kuulub:\u00a0 roosa kleit, saba, roosad randmed ja notsu peakate Kleit suurus M. Alt v\u00f5rkvoodriga, taskutega. Pikkus\u00a0 90 cm Rinna peal, k\u00e4te all k\u00f5ige kitsam koht ja see on 90 cm. Ei veni. Peakate on tagant kummiga ja sobib seega erineva suurusega peadele. Pildil olev modell kannab L- suurust\u00a0 ja on [&hellip;]<\/p>\n","protected":false},"featured_media":408,"comment_status":"closed","ping_status":"closed","template":"","meta":{"site-sidebar-layout":"default","site-content-layout":"","ast-site-content-layout":"default","site-content-style":"default","site-sidebar-style":"default","ast-global-header-display":"","ast-banner-title-visibility":"","ast-main-header-display":"","ast-hfb-above-header-display":"","ast-hfb-below-header-display":"","ast-hfb-mobile-header-display":"","site-post-title":"","ast-breadcrumbs-content":"","ast-featured-img":"","footer-sml-layout":"","ast-disable-related-posts":"","theme-transparent-header-meta":"default","adv-header-id-meta":"","stick-header-meta":"","header-above-stick-meta":"","header-main-stick-meta":"","header-below-stick-meta":"","astra-migrate-meta-layouts":"set","ast-page-background-enabled":"default","ast-page-background-meta":{"desktop":{"background-color":"var(--ast-global-color-4)","background-image":"","background-repeat":"repeat","background-position":"center center","background-size":"auto","background-attachment":"scroll","background-type":"","background-media":"","overlay-type":"","overlay-color":"","overlay-opacity":"","overlay-gradient":""},"tablet":{"background-color":"","background-image":"","background-repeat":"repeat","background-position":"center center","background-size":"auto","background-attachment":"scroll","background-type":"","background-media":"","overlay-type":"","overlay-color":"","overlay-opacity":"","overlay-gradient":""},"mobile":{"background-color":"","background-image":"","background-repeat":"repeat","background-position":"center center","background-size":"auto","background-attachment":"scroll","background-type":"","background-media":"","overlay-type":"","overlay-color":"","overlay-opacity":"","overlay-gradient":""}},"ast-content-background-meta":{"desktop":{"background-color":"var(--ast-global-color-5)","background-image":"","background-repeat":"repeat","background-position":"center center","background-size":"auto","background-attachment":"scroll","background-type":"","background-media":"","overlay-type":"","overlay-color":"","overlay-opacity":"","overlay-gradient":""},"tablet":{"background-color":"var(--ast-global-color-5)","background-image":"","background-repeat":"repeat","background-position":"center center","background-size":"auto","background-attachment":"scroll","background-type":"","background-media":"","overlay-type":"","overlay-color":"","overlay-opacity":"","overlay-gradient":""},"mobile":{"background-color":"var(--ast-global-color-5)","background-image":"","background-repeat":"repeat","background-position":"center center","background-size":"auto","background-attachment":"scroll","background-type":"","background-media":"","overlay-type":"","overlay-color":"","overlay-opacity":"","overlay-gradient":""}}},"product_brand":[],"product_cat":[16],"product_tag":[74,75],"class_list":{"0":"post-318","1":"product","2":"type-product","3":"status-publish","4":"has-post-thumbnail","6":"product_cat-loomad","7":"product_tag-notsu-kostuum","8":"product_tag-sea-kostuum","9":"product_size-55","10":"product_size-57","11":"product_size-l","12":"product_size-m","13":"product_size-s","14":"product_size-xs","15":"desktop-align-left","16":"tablet-align-left","17":"mobile-align-left","18":"wcpa_has_options","20":"first","21":"instock","22":"sold-individually","23":"shipping-taxable","24":"purchasable","25":"product-type-simple"},"_links":{"self":[{"href":"https:\/\/imeloom.com\/laenutus\/wp-json\/wp\/v2\/product\/318","targetHints":{"allow":["GET"]}}],"collection":[{"href":"https:\/\/imeloom.com\/laenutus\/wp-json\/wp\/v2\/product"}],"about":[{"href":"https:\/\/imeloom.com\/laenutus\/wp-json\/wp\/v2\/types\/product"}],"replies":[{"embeddable":true,"href":"https:\/\/imeloom.com\/laenutus\/wp-json\/wp\/v2\/comments?post=318"}],"wp:featuredmedia":[{"embeddable":true,"href":"https:\/\/imeloom.com\/laenutus\/wp-json\/wp\/v2\/media\/408"}],"wp:attachment":[{"href":"https:\/\/imeloom.com\/laenutus\/wp-json\/wp\/v2\/media?parent=318"}],"wp:term":[{"taxonomy":"product_brand","embeddable":true,"href":"https:\/\/imeloom.com\/laenutus\/wp-json\/wp\/v2\/product_brand?post=318"},{"taxonomy":"product_cat","embeddable":true,"href":"https:\/\/imeloom.com\/laenutus\/wp-json\/wp\/v2\/product_cat?post=318"},{"taxonomy":"product_tag","embeddable":true,"href":"https:\/\/imeloom.com\/laenutus\/wp-json\/wp\/v2\/product_tag?post=318"}],"curies":[{"name":"wp","href":"https:\/\/api.w.org\/{rel}","templated":true}]}}