{"id":241,"date":"2023-12-06T11:32:54","date_gmt":"2023-12-06T09:32:54","guid":{"rendered":"https:\/\/imeloom.com\/laenutus\/?post_type=product&#038;p=241"},"modified":"2025-03-16T21:37:58","modified_gmt":"2025-03-16T19:37:58","slug":"leevike-5a-6a-7a","status":"publish","type":"product","link":"https:\/\/imeloom.com\/laenutus\/leevike-5a-6a-7a\/","title":{"rendered":"Leevike 5A, 6A, 7A"},"content":{"rendered":"<h2><strong>Leevikese kost\u00fc\u00fcm<\/strong><\/h2>\n<p><strong>Suurus :<\/strong> 5-7A<\/p>\n<p>Komplekti kuuluvad eest punane ja tagant must tiibadega vest ja must halli noka ning suurte silmadega.<\/p>\n<p>Tiibade l\u00e4bim\u00f5\u00f5t 100 cm, rinna\u00fcmberm\u00f5\u00f5t max 60 cm sobib suurusele kuni 110-122<\/p>\n<p>M\u00fcts tagant kummiga ja sobib pea\u00fcmberm\u00f5\u00f5dule kuni 54 cm.<\/p>\n<p>Kuna l\u00f5ige on universaalne, sobib ka v\u00e4iksemale ja suuremale.<\/p>\n<p>Modell pildil 7-aastane.<\/p>\n<p>Materjal:\u00a0 pol\u00fcster<\/p>\n<p>Rendi aeg kuni 1 n\u00e4dal paki k\u00e4ttesaamisest.<\/p>\n<p>Pane ostukorvi ka tagatis, ilma tagatiseta tellimust ei v\u00e4ljastata. Tagatise saab peale toote tagastamist tagasi.<\/p>\n<p>Postiga tellides lisandub postikulu, tagastamine on tasuta.<\/p>\n","protected":false},"excerpt":{"rendered":"<p>Leevikese kost\u00fc\u00fcm Suurus : 5-7A Komplekti kuuluvad eest punane ja tagant must tiibadega vest ja must halli noka ning suurte silmadega. Tiibade l\u00e4bim\u00f5\u00f5t 100 cm, rinna\u00fcmberm\u00f5\u00f5t max 60 cm sobib suurusele kuni 110-122 M\u00fcts tagant kummiga ja sobib pea\u00fcmberm\u00f5\u00f5dule kuni 54 cm. Kuna l\u00f5ige on universaalne, sobib ka v\u00e4iksemale ja suuremale. Modell pildil 7-aastane. Materjal:\u00a0 [&hellip;]<\/p>\n","protected":false},"featured_media":242,"comment_status":"closed","ping_status":"closed","template":"","meta":{"site-sidebar-layout":"default","site-content-layout":"","ast-site-content-layout":"default","site-content-style":"default","site-sidebar-style":"default","ast-global-header-display":"","ast-banner-title-visibility":"","ast-main-header-display":"","ast-hfb-above-header-display":"","ast-hfb-below-header-display":"","ast-hfb-mobile-header-display":"","site-post-title":"","ast-breadcrumbs-content":"","ast-featured-img":"","footer-sml-layout":"","ast-disable-related-posts":"","theme-transparent-header-meta":"default","adv-header-id-meta":"","stick-header-meta":"","header-above-stick-meta":"","header-main-stick-meta":"","header-below-stick-meta":"","astra-migrate-meta-layouts":"set","ast-page-background-enabled":"default","ast-page-background-meta":{"desktop":{"background-color":"var(--ast-global-color-4)","background-image":"","background-repeat":"repeat","background-position":"center center","background-size":"auto","background-attachment":"scroll","background-type":"","background-media":"","overlay-type":"","overlay-color":"","overlay-opacity":"","overlay-gradient":""},"tablet":{"background-color":"","background-image":"","background-repeat":"repeat","background-position":"center center","background-size":"auto","background-attachment":"scroll","background-type":"","background-media":"","overlay-type":"","overlay-color":"","overlay-opacity":"","overlay-gradient":""},"mobile":{"background-color":"","background-image":"","background-repeat":"repeat","background-position":"center center","background-size":"auto","background-attachment":"scroll","background-type":"","background-media":"","overlay-type":"","overlay-color":"","overlay-opacity":"","overlay-gradient":""}},"ast-content-background-meta":{"desktop":{"background-color":"var(--ast-global-color-5)","background-image":"","background-repeat":"repeat","background-position":"center center","background-size":"auto","background-attachment":"scroll","background-type":"","background-media":"","overlay-type":"","overlay-color":"","overlay-opacity":"","overlay-gradient":""},"tablet":{"background-color":"var(--ast-global-color-5)","background-image":"","background-repeat":"repeat","background-position":"center center","background-size":"auto","background-attachment":"scroll","background-type":"","background-media":"","overlay-type":"","overlay-color":"","overlay-opacity":"","overlay-gradient":""},"mobile":{"background-color":"var(--ast-global-color-5)","background-image":"","background-repeat":"repeat","background-position":"center center","background-size":"auto","background-attachment":"scroll","background-type":"","background-media":"","overlay-type":"","overlay-color":"","overlay-opacity":"","overlay-gradient":""}}},"product_brand":[],"product_cat":[15],"product_tag":[81,79],"class_list":{"0":"post-241","1":"product","2":"type-product","3":"status-publish","4":"has-post-thumbnail","6":"product_cat-maaramata","7":"product_tag-leevike","8":"product_tag-linnud","9":"product_size-39","10":"product_size-41","11":"product_size-43","12":"product_size-45","13":"desktop-align-left","14":"tablet-align-left","15":"mobile-align-left","16":"wcpa_has_options","18":"first","19":"instock","20":"shipping-taxable","21":"purchasable","22":"product-type-simple"},"_links":{"self":[{"href":"https:\/\/imeloom.com\/laenutus\/wp-json\/wp\/v2\/product\/241","targetHints":{"allow":["GET"]}}],"collection":[{"href":"https:\/\/imeloom.com\/laenutus\/wp-json\/wp\/v2\/product"}],"about":[{"href":"https:\/\/imeloom.com\/laenutus\/wp-json\/wp\/v2\/types\/product"}],"replies":[{"embeddable":true,"href":"https:\/\/imeloom.com\/laenutus\/wp-json\/wp\/v2\/comments?post=241"}],"wp:featuredmedia":[{"embeddable":true,"href":"https:\/\/imeloom.com\/laenutus\/wp-json\/wp\/v2\/media\/242"}],"wp:attachment":[{"href":"https:\/\/imeloom.com\/laenutus\/wp-json\/wp\/v2\/media?parent=241"}],"wp:term":[{"taxonomy":"product_brand","embeddable":true,"href":"https:\/\/imeloom.com\/laenutus\/wp-json\/wp\/v2\/product_brand?post=241"},{"taxonomy":"product_cat","embeddable":true,"href":"https:\/\/imeloom.com\/laenutus\/wp-json\/wp\/v2\/product_cat?post=241"},{"taxonomy":"product_tag","embeddable":true,"href":"https:\/\/imeloom.com\/laenutus\/wp-json\/wp\/v2\/product_tag?post=241"}],"curies":[{"name":"wp","href":"https:\/\/api.w.org\/{rel}","templated":true}]}}