{"id":24,"date":"2023-05-08T20:28:15","date_gmt":"2023-05-08T18:28:15","guid":{"rendered":"https:\/\/imeloom.com\/laenutus\/?post_type=product&#038;p=24"},"modified":"2026-03-19T20:00:39","modified_gmt":"2026-03-19T18:00:39","slug":"tiigri-kostuum-1","status":"publish","type":"product","link":"https:\/\/imeloom.com\/laenutus\/tiigri-kostuum-1\/","title":{"rendered":"Tiiger"},"content":{"rendered":"<h5><strong>Tiigri kost\u00fc\u00fcm<\/strong><\/h5>\n<p><strong>Suurus :<\/strong> 3-10A<\/p>\n<p>Tegemist on kapuutsiga keebiga, mis sobib paljudele suurustele.<\/p>\n<p>Keep kinnitub eest takjapaelaga ja keebil on ka saba.<\/p>\n<p>Kogupikkus 42 cm<\/p>\n<p>Materjal:\u00a0 pol\u00fcster<\/p>\n<p>Rendi aeg kuni 1 n\u00e4dal.<\/p>\n<p>Pane ostukorvi ka tagatis, ilma tagatiseta tellimust ei v\u00e4ljastata. Tagatise saab peale toote tagastamist tagasi.<\/p>\n<p>Postiga tellides lisandub postikulu,\u00a0 tagastamine on tasuta.<\/p>\n","protected":false},"excerpt":{"rendered":"<p>Tiigri kost\u00fc\u00fcm Suurus : 3-10A Tegemist on kapuutsiga keebiga, mis sobib paljudele suurustele. Keep kinnitub eest takjapaelaga ja keebil on ka saba. Kogupikkus 42 cm Materjal:\u00a0 pol\u00fcster Rendi aeg kuni 1 n\u00e4dal. Pane ostukorvi ka tagatis, ilma tagatiseta tellimust ei v\u00e4ljastata. Tagatise saab peale toote tagastamist tagasi. Postiga tellides lisandub postikulu,\u00a0 tagastamine on tasuta.<\/p>\n","protected":false},"featured_media":30,"comment_status":"closed","ping_status":"closed","template":"","meta":{"site-sidebar-layout":"default","site-content-layout":"","ast-site-content-layout":"default","site-content-style":"default","site-sidebar-style":"default","ast-global-header-display":"","ast-banner-title-visibility":"","ast-main-header-display":"","ast-hfb-above-header-display":"","ast-hfb-below-header-display":"","ast-hfb-mobile-header-display":"","site-post-title":"","ast-breadcrumbs-content":"","ast-featured-img":"","footer-sml-layout":"","ast-disable-related-posts":"","theme-transparent-header-meta":"default","adv-header-id-meta":"","stick-header-meta":"","header-above-stick-meta":"","header-main-stick-meta":"","header-below-stick-meta":"","astra-migrate-meta-layouts":"set","ast-page-background-enabled":"default","ast-page-background-meta":{"desktop":{"background-color":"var(--ast-global-color-4)","background-image":"","background-repeat":"repeat","background-position":"center center","background-size":"auto","background-attachment":"scroll","background-type":"","background-media":"","overlay-type":"","overlay-color":"","overlay-opacity":"","overlay-gradient":""},"tablet":{"background-color":"","background-image":"","background-repeat":"repeat","background-position":"center center","background-size":"auto","background-attachment":"scroll","background-type":"","background-media":"","overlay-type":"","overlay-color":"","overlay-opacity":"","overlay-gradient":""},"mobile":{"background-color":"","background-image":"","background-repeat":"repeat","background-position":"center center","background-size":"auto","background-attachment":"scroll","background-type":"","background-media":"","overlay-type":"","overlay-color":"","overlay-opacity":"","overlay-gradient":""}},"ast-content-background-meta":{"desktop":{"background-color":"var(--ast-global-color-5)","background-image":"","background-repeat":"repeat","background-position":"center center","background-size":"auto","background-attachment":"scroll","background-type":"","background-media":"","overlay-type":"","overlay-color":"","overlay-opacity":"","overlay-gradient":""},"tablet":{"background-color":"var(--ast-global-color-5)","background-image":"","background-repeat":"repeat","background-position":"center center","background-size":"auto","background-attachment":"scroll","background-type":"","background-media":"","overlay-type":"","overlay-color":"","overlay-opacity":"","overlay-gradient":""},"mobile":{"background-color":"var(--ast-global-color-5)","background-image":"","background-repeat":"repeat","background-position":"center center","background-size":"auto","background-attachment":"scroll","background-type":"","background-media":"","overlay-type":"","overlay-color":"","overlay-opacity":"","overlay-gradient":""}}},"product_brand":[],"product_cat":[16],"product_tag":[],"class_list":{"0":"post-24","1":"product","2":"type-product","3":"status-publish","4":"has-post-thumbnail","6":"product_cat-loomad","7":"product_size-37","8":"product_size-39","9":"product_size-41","10":"product_size-43","11":"product_size-45","12":"product_size-47","13":"product_size-49","14":"product_size-35","15":"desktop-align-left","16":"tablet-align-left","17":"mobile-align-left","18":"wcpa_has_options","20":"first","21":"instock","22":"shipping-taxable","23":"purchasable","24":"product-type-simple"},"_links":{"self":[{"href":"https:\/\/imeloom.com\/laenutus\/wp-json\/wp\/v2\/product\/24","targetHints":{"allow":["GET"]}}],"collection":[{"href":"https:\/\/imeloom.com\/laenutus\/wp-json\/wp\/v2\/product"}],"about":[{"href":"https:\/\/imeloom.com\/laenutus\/wp-json\/wp\/v2\/types\/product"}],"replies":[{"embeddable":true,"href":"https:\/\/imeloom.com\/laenutus\/wp-json\/wp\/v2\/comments?post=24"}],"wp:featuredmedia":[{"embeddable":true,"href":"https:\/\/imeloom.com\/laenutus\/wp-json\/wp\/v2\/media\/30"}],"wp:attachment":[{"href":"https:\/\/imeloom.com\/laenutus\/wp-json\/wp\/v2\/media?parent=24"}],"wp:term":[{"taxonomy":"product_brand","embeddable":true,"href":"https:\/\/imeloom.com\/laenutus\/wp-json\/wp\/v2\/product_brand?post=24"},{"taxonomy":"product_cat","embeddable":true,"href":"https:\/\/imeloom.com\/laenutus\/wp-json\/wp\/v2\/product_cat?post=24"},{"taxonomy":"product_tag","embeddable":true,"href":"https:\/\/imeloom.com\/laenutus\/wp-json\/wp\/v2\/product_tag?post=24"}],"curies":[{"name":"wp","href":"https:\/\/api.w.org\/{rel}","templated":true}]}}