{"id":213,"date":"2023-09-19T12:42:30","date_gmt":"2023-09-19T10:42:30","guid":{"rendered":"https:\/\/imeloom.com\/laenutus\/?post_type=product&#038;p=213"},"modified":"2024-12-03T19:57:14","modified_gmt":"2024-12-03T17:57:14","slug":"karu-s-m","status":"publish","type":"product","link":"https:\/\/imeloom.com\/laenutus\/karu-s-m\/","title":{"rendered":"Karu kost\u00fc\u00fcm S, M"},"content":{"rendered":"<h2>Karu kost\u00fc\u00fcm<\/h2>\n<p><strong>Suurus: S, M<\/strong><\/p>\n<p><strong>Komplekti kuulub:<\/strong>\u00a0 tuunika, peakate ja kindad<\/p>\n<p>Pildil olev modell kannab M- suurust ja on 170 cm pikk<\/p>\n<p>Materjal:\u00a0 erinevad materjalid (tuunika 50% akr\u00fc\u00fcl, 30% moh\u00e4\u00e4r, 5% vill ja 5% elastaan, m\u00fcts ja kindad 100% pol\u00fcester).<\/p>\n<p>Rendi aeg kuni 1 n\u00e4dal paki k\u00e4ttesaamisest.<\/p>\n<p>Pane ostukorvi ka tagatis, ilma tagatiseta tellimust ei v\u00e4ljastata. Tagatise saab peale toote tagastamist tagasi.<\/p>\n<p>Postiga tellides lisandub postikulu, tagastamine on tasuta.<\/p>\n","protected":false},"excerpt":{"rendered":"<p>Karu kost\u00fc\u00fcm Suurus: S, M Komplekti kuulub:\u00a0 tuunika, peakate ja kindad Pildil olev modell kannab M- suurust ja on 170 cm pikk Materjal:\u00a0 erinevad materjalid (tuunika 50% akr\u00fc\u00fcl, 30% moh\u00e4\u00e4r, 5% vill ja 5% elastaan, m\u00fcts ja kindad 100% pol\u00fcester). Rendi aeg kuni 1 n\u00e4dal paki k\u00e4ttesaamisest. Pane ostukorvi ka tagatis, ilma tagatiseta tellimust ei [&hellip;]<\/p>\n","protected":false},"featured_media":216,"comment_status":"closed","ping_status":"closed","template":"","meta":{"site-sidebar-layout":"default","site-content-layout":"","ast-site-content-layout":"default","site-content-style":"default","site-sidebar-style":"default","ast-global-header-display":"","ast-banner-title-visibility":"","ast-main-header-display":"","ast-hfb-above-header-display":"","ast-hfb-below-header-display":"","ast-hfb-mobile-header-display":"","site-post-title":"","ast-breadcrumbs-content":"","ast-featured-img":"","footer-sml-layout":"","ast-disable-related-posts":"","theme-transparent-header-meta":"default","adv-header-id-meta":"","stick-header-meta":"","header-above-stick-meta":"","header-main-stick-meta":"","header-below-stick-meta":"","astra-migrate-meta-layouts":"set","ast-page-background-enabled":"default","ast-page-background-meta":{"desktop":{"background-color":"var(--ast-global-color-4)","background-image":"","background-repeat":"repeat","background-position":"center center","background-size":"auto","background-attachment":"scroll","background-type":"","background-media":"","overlay-type":"","overlay-color":"","overlay-opacity":"","overlay-gradient":""},"tablet":{"background-color":"","background-image":"","background-repeat":"repeat","background-position":"center center","background-size":"auto","background-attachment":"scroll","background-type":"","background-media":"","overlay-type":"","overlay-color":"","overlay-opacity":"","overlay-gradient":""},"mobile":{"background-color":"","background-image":"","background-repeat":"repeat","background-position":"center center","background-size":"auto","background-attachment":"scroll","background-type":"","background-media":"","overlay-type":"","overlay-color":"","overlay-opacity":"","overlay-gradient":""}},"ast-content-background-meta":{"desktop":{"background-color":"var(--ast-global-color-5)","background-image":"","background-repeat":"repeat","background-position":"center center","background-size":"auto","background-attachment":"scroll","background-type":"","background-media":"","overlay-type":"","overlay-color":"","overlay-opacity":"","overlay-gradient":""},"tablet":{"background-color":"var(--ast-global-color-5)","background-image":"","background-repeat":"repeat","background-position":"center center","background-size":"auto","background-attachment":"scroll","background-type":"","background-media":"","overlay-type":"","overlay-color":"","overlay-opacity":"","overlay-gradient":""},"mobile":{"background-color":"var(--ast-global-color-5)","background-image":"","background-repeat":"repeat","background-position":"center center","background-size":"auto","background-attachment":"scroll","background-type":"","background-media":"","overlay-type":"","overlay-color":"","overlay-opacity":"","overlay-gradient":""}}},"product_brand":[],"product_cat":[16],"product_tag":[73,77],"class_list":{"0":"post-213","1":"product","2":"type-product","3":"status-publish","4":"has-post-thumbnail","6":"product_cat-loomad","7":"product_tag-karu","8":"product_tag-loomad","9":"product_size-s","10":"product_size-m","11":"desktop-align-left","12":"tablet-align-left","13":"mobile-align-left","14":"wcpa_has_options","16":"first","17":"instock","18":"shipping-taxable","19":"purchasable","20":"product-type-simple"},"_links":{"self":[{"href":"https:\/\/imeloom.com\/laenutus\/wp-json\/wp\/v2\/product\/213","targetHints":{"allow":["GET"]}}],"collection":[{"href":"https:\/\/imeloom.com\/laenutus\/wp-json\/wp\/v2\/product"}],"about":[{"href":"https:\/\/imeloom.com\/laenutus\/wp-json\/wp\/v2\/types\/product"}],"replies":[{"embeddable":true,"href":"https:\/\/imeloom.com\/laenutus\/wp-json\/wp\/v2\/comments?post=213"}],"wp:featuredmedia":[{"embeddable":true,"href":"https:\/\/imeloom.com\/laenutus\/wp-json\/wp\/v2\/media\/216"}],"wp:attachment":[{"href":"https:\/\/imeloom.com\/laenutus\/wp-json\/wp\/v2\/media?parent=213"}],"wp:term":[{"taxonomy":"product_brand","embeddable":true,"href":"https:\/\/imeloom.com\/laenutus\/wp-json\/wp\/v2\/product_brand?post=213"},{"taxonomy":"product_cat","embeddable":true,"href":"https:\/\/imeloom.com\/laenutus\/wp-json\/wp\/v2\/product_cat?post=213"},{"taxonomy":"product_tag","embeddable":true,"href":"https:\/\/imeloom.com\/laenutus\/wp-json\/wp\/v2\/product_tag?post=213"}],"curies":[{"name":"wp","href":"https:\/\/api.w.org\/{rel}","templated":true}]}}