{"id":201,"date":"2023-06-15T21:44:54","date_gmt":"2023-06-15T19:44:54","guid":{"rendered":"https:\/\/imeloom.com\/laenutus\/?post_type=product&#038;p=201"},"modified":"2025-12-18T12:36:40","modified_gmt":"2025-12-18T10:36:40","slug":"eesli-kostuum-1","status":"publish","type":"product","link":"https:\/\/imeloom.com\/laenutus\/eesli-kostuum-1\/","title":{"rendered":"Eesel 8A, 9A, 10A"},"content":{"rendered":"<h2><strong>Eesli kost\u00fc\u00fcm<\/strong><\/h2>\n<p><strong>Suurus: 134\/140<\/strong><\/p>\n<p><strong>Komplekti kuulub:<\/strong>\u00a0 karvane vest, eesli m\u00fcts ja karvased sabaga p\u00fcksid<\/p>\n<p>Vesti pikkus 45 cm<\/p>\n<p>Vesti laius 42 cm<\/p>\n<p>P\u00fckste suurus 134\/140 (sises\u00e4\u00e4r 62 cm, v\u00f6\u00f6 max 88 cm)<\/p>\n<p>M\u00fcts ideaalne pea\u00fcmberm\u00f5\u00f5dule 50-54 cm. Suuremale peale k\u00fcsi suuremat m\u00fctsi.<br \/>\nPildil olev modell on 11-aastane.<\/p>\n<p>Materjal:\u00a0 pol\u00fcster<\/p>\n<p>Kost\u00fc\u00fcm on Imelooma omalooming ning kasutatud on taaskasutusmaterjale.<\/p>\n<p>Rendi aeg kuni 1 n\u00e4dal.<\/p>\n<p>Pane ostukorvi ka tagatis, ilma tagatiseta tellimust ei v\u00e4ljastata. Tagatise saab peale toote tagastamist tagasi.<\/p>\n<p>Postiga tellides lisandub postikulu 3\u20ac, tagastamine on tasuta.<\/p>\n","protected":false},"excerpt":{"rendered":"<p>Eesli kost\u00fc\u00fcm Suurus: 134\/140 Komplekti kuulub:\u00a0 karvane vest, eesli m\u00fcts ja karvased sabaga p\u00fcksid Vesti pikkus 45 cm Vesti laius 42 cm P\u00fckste suurus 134\/140 (sises\u00e4\u00e4r 62 cm, v\u00f6\u00f6 max 88 cm) M\u00fcts ideaalne pea\u00fcmberm\u00f5\u00f5dule 50-54 cm. Suuremale peale k\u00fcsi suuremat m\u00fctsi. Pildil olev modell on 11-aastane. Materjal:\u00a0 pol\u00fcster Kost\u00fc\u00fcm on Imelooma omalooming ning kasutatud [&hellip;]<\/p>\n","protected":false},"featured_media":226,"comment_status":"closed","ping_status":"closed","template":"","meta":{"site-sidebar-layout":"default","site-content-layout":"","ast-site-content-layout":"default","site-content-style":"default","site-sidebar-style":"default","ast-global-header-display":"","ast-banner-title-visibility":"","ast-main-header-display":"","ast-hfb-above-header-display":"","ast-hfb-below-header-display":"","ast-hfb-mobile-header-display":"","site-post-title":"","ast-breadcrumbs-content":"","ast-featured-img":"","footer-sml-layout":"","ast-disable-related-posts":"","theme-transparent-header-meta":"default","adv-header-id-meta":"","stick-header-meta":"","header-above-stick-meta":"","header-main-stick-meta":"","header-below-stick-meta":"","astra-migrate-meta-layouts":"set","ast-page-background-enabled":"default","ast-page-background-meta":{"desktop":{"background-color":"var(--ast-global-color-4)","background-image":"","background-repeat":"repeat","background-position":"center center","background-size":"auto","background-attachment":"scroll","background-type":"","background-media":"","overlay-type":"","overlay-color":"","overlay-opacity":"","overlay-gradient":""},"tablet":{"background-color":"","background-image":"","background-repeat":"repeat","background-position":"center center","background-size":"auto","background-attachment":"scroll","background-type":"","background-media":"","overlay-type":"","overlay-color":"","overlay-opacity":"","overlay-gradient":""},"mobile":{"background-color":"","background-image":"","background-repeat":"repeat","background-position":"center center","background-size":"auto","background-attachment":"scroll","background-type":"","background-media":"","overlay-type":"","overlay-color":"","overlay-opacity":"","overlay-gradient":""}},"ast-content-background-meta":{"desktop":{"background-color":"var(--ast-global-color-5)","background-image":"","background-repeat":"repeat","background-position":"center center","background-size":"auto","background-attachment":"scroll","background-type":"","background-media":"","overlay-type":"","overlay-color":"","overlay-opacity":"","overlay-gradient":""},"tablet":{"background-color":"var(--ast-global-color-5)","background-image":"","background-repeat":"repeat","background-position":"center center","background-size":"auto","background-attachment":"scroll","background-type":"","background-media":"","overlay-type":"","overlay-color":"","overlay-opacity":"","overlay-gradient":""},"mobile":{"background-color":"var(--ast-global-color-5)","background-image":"","background-repeat":"repeat","background-position":"center center","background-size":"auto","background-attachment":"scroll","background-type":"","background-media":"","overlay-type":"","overlay-color":"","overlay-opacity":"","overlay-gradient":""}}},"product_brand":[],"product_cat":[16],"product_tag":[77],"class_list":{"0":"post-201","1":"product","2":"type-product","3":"status-publish","4":"has-post-thumbnail","6":"product_cat-loomad","7":"product_tag-loomad","8":"product_size-47","9":"product_size-49","10":"desktop-align-left","11":"tablet-align-left","12":"mobile-align-left","13":"wcpa_has_options","15":"first","16":"instock","17":"shipping-taxable","18":"purchasable","19":"product-type-simple"},"_links":{"self":[{"href":"https:\/\/imeloom.com\/laenutus\/wp-json\/wp\/v2\/product\/201","targetHints":{"allow":["GET"]}}],"collection":[{"href":"https:\/\/imeloom.com\/laenutus\/wp-json\/wp\/v2\/product"}],"about":[{"href":"https:\/\/imeloom.com\/laenutus\/wp-json\/wp\/v2\/types\/product"}],"replies":[{"embeddable":true,"href":"https:\/\/imeloom.com\/laenutus\/wp-json\/wp\/v2\/comments?post=201"}],"wp:featuredmedia":[{"embeddable":true,"href":"https:\/\/imeloom.com\/laenutus\/wp-json\/wp\/v2\/media\/226"}],"wp:attachment":[{"href":"https:\/\/imeloom.com\/laenutus\/wp-json\/wp\/v2\/media?parent=201"}],"wp:term":[{"taxonomy":"product_brand","embeddable":true,"href":"https:\/\/imeloom.com\/laenutus\/wp-json\/wp\/v2\/product_brand?post=201"},{"taxonomy":"product_cat","embeddable":true,"href":"https:\/\/imeloom.com\/laenutus\/wp-json\/wp\/v2\/product_cat?post=201"},{"taxonomy":"product_tag","embeddable":true,"href":"https:\/\/imeloom.com\/laenutus\/wp-json\/wp\/v2\/product_tag?post=201"}],"curies":[{"name":"wp","href":"https:\/\/api.w.org\/{rel}","templated":true}]}}