{"id":178,"date":"2023-06-13T15:30:51","date_gmt":"2023-06-13T13:30:51","guid":{"rendered":"https:\/\/imeloom.com\/laenutus\/?post_type=product&#038;p=178"},"modified":"2024-03-22T16:24:26","modified_gmt":"2024-03-22T14:24:26","slug":"must-kass-xs","status":"publish","type":"product","link":"https:\/\/imeloom.com\/laenutus\/must-kass-xs\/","title":{"rendered":"Must kass XS"},"content":{"rendered":"<h2><strong>Hiire kost\u00fc\u00fcm<\/strong><\/h2>\n<p><strong>Suurus: <\/strong>\u00a0XS v\u00f5i laste 158, 164<\/p>\n<p><strong>Komplekti kuulub:<\/strong>\u00a0 sabaga kombe, peopesas roosade padjakestega kindad ja kassi peakate.<\/p>\n<p>Kombe kogupikkus: 133 cm<\/p>\n<p>Kehaosa kummini: 43 cm<\/p>\n<p>Rind: 40&#215;2 cm<\/p>\n<p>Sises\u00e4\u00e4r: 68 cm<\/p>\n<p>Tagant lukuga ja s\u00e4\u00e4red alt kummiga.<\/p>\n<p>M\u00fcts pea\u00fcmberm\u00f5\u00f5dule 50-58 sentimeetrit.<br \/>\nH\u00e4stiistuv erineva suurusega peadele, sest m\u00fcts on kukla tagant kummiga.<\/p>\n<p>Kindad \u00fcks suurus<\/p>\n<p>Materjal:\u00a0 fliis (100% pol\u00fcester)<\/p>\n<p>Modell pildil 12-aastane (160 cm)<\/p>\n<p>Materjal: 100% akr\u00fc\u00fcl<\/p>\n<p>Rendi aeg kuni 1 n\u00e4dal paki k\u00e4ttesaamisest.<\/p>\n<p>Pane ostukorvi ka tagatis, ilma tagatiseta tellimust ei v\u00e4ljastata. Tagatise saab peale toote tagastamist tagasi.<\/p>\n<p>Postiga tellides lisandub postikulu, tagastamine on tasuta.<\/p>\n","protected":false},"excerpt":{"rendered":"<p>Hiire kost\u00fc\u00fcm Suurus: \u00a0XS v\u00f5i laste 158, 164 Komplekti kuulub:\u00a0 sabaga kombe, peopesas roosade padjakestega kindad ja kassi peakate. Kombe kogupikkus: 133 cm Kehaosa kummini: 43 cm Rind: 40&#215;2 cm Sises\u00e4\u00e4r: 68 cm Tagant lukuga ja s\u00e4\u00e4red alt kummiga. M\u00fcts pea\u00fcmberm\u00f5\u00f5dule 50-58 sentimeetrit. H\u00e4stiistuv erineva suurusega peadele, sest m\u00fcts on kukla tagant kummiga. Kindad \u00fcks [&hellip;]<\/p>\n","protected":false},"featured_media":182,"comment_status":"closed","ping_status":"closed","template":"","meta":{"site-sidebar-layout":"default","site-content-layout":"","ast-site-content-layout":"default","site-content-style":"default","site-sidebar-style":"default","ast-global-header-display":"","ast-banner-title-visibility":"","ast-main-header-display":"","ast-hfb-above-header-display":"","ast-hfb-below-header-display":"","ast-hfb-mobile-header-display":"","site-post-title":"","ast-breadcrumbs-content":"","ast-featured-img":"","footer-sml-layout":"","ast-disable-related-posts":"","theme-transparent-header-meta":"default","adv-header-id-meta":"","stick-header-meta":"","header-above-stick-meta":"","header-main-stick-meta":"","header-below-stick-meta":"","astra-migrate-meta-layouts":"set","ast-page-background-enabled":"default","ast-page-background-meta":{"desktop":{"background-color":"var(--ast-global-color-4)","background-image":"","background-repeat":"repeat","background-position":"center center","background-size":"auto","background-attachment":"scroll","background-type":"","background-media":"","overlay-type":"","overlay-color":"","overlay-opacity":"","overlay-gradient":""},"tablet":{"background-color":"","background-image":"","background-repeat":"repeat","background-position":"center center","background-size":"auto","background-attachment":"scroll","background-type":"","background-media":"","overlay-type":"","overlay-color":"","overlay-opacity":"","overlay-gradient":""},"mobile":{"background-color":"","background-image":"","background-repeat":"repeat","background-position":"center center","background-size":"auto","background-attachment":"scroll","background-type":"","background-media":"","overlay-type":"","overlay-color":"","overlay-opacity":"","overlay-gradient":""}},"ast-content-background-meta":{"desktop":{"background-color":"var(--ast-global-color-5)","background-image":"","background-repeat":"repeat","background-position":"center center","background-size":"auto","background-attachment":"scroll","background-type":"","background-media":"","overlay-type":"","overlay-color":"","overlay-opacity":"","overlay-gradient":""},"tablet":{"background-color":"var(--ast-global-color-5)","background-image":"","background-repeat":"repeat","background-position":"center center","background-size":"auto","background-attachment":"scroll","background-type":"","background-media":"","overlay-type":"","overlay-color":"","overlay-opacity":"","overlay-gradient":""},"mobile":{"background-color":"var(--ast-global-color-5)","background-image":"","background-repeat":"repeat","background-position":"center center","background-size":"auto","background-attachment":"scroll","background-type":"","background-media":"","overlay-type":"","overlay-color":"","overlay-opacity":"","overlay-gradient":""}}},"product_brand":[],"product_cat":[16],"product_tag":[],"class_list":{"0":"post-178","1":"product","2":"type-product","3":"status-publish","4":"has-post-thumbnail","6":"product_cat-loomad","7":"product_size-55","8":"product_size-57","9":"product_size-xs","10":"desktop-align-left","11":"tablet-align-left","12":"mobile-align-left","13":"wcpa_has_options","15":"first","16":"instock","17":"shipping-taxable","18":"purchasable","19":"product-type-simple"},"_links":{"self":[{"href":"https:\/\/imeloom.com\/laenutus\/wp-json\/wp\/v2\/product\/178","targetHints":{"allow":["GET"]}}],"collection":[{"href":"https:\/\/imeloom.com\/laenutus\/wp-json\/wp\/v2\/product"}],"about":[{"href":"https:\/\/imeloom.com\/laenutus\/wp-json\/wp\/v2\/types\/product"}],"replies":[{"embeddable":true,"href":"https:\/\/imeloom.com\/laenutus\/wp-json\/wp\/v2\/comments?post=178"}],"wp:featuredmedia":[{"embeddable":true,"href":"https:\/\/imeloom.com\/laenutus\/wp-json\/wp\/v2\/media\/182"}],"wp:attachment":[{"href":"https:\/\/imeloom.com\/laenutus\/wp-json\/wp\/v2\/media?parent=178"}],"wp:term":[{"taxonomy":"product_brand","embeddable":true,"href":"https:\/\/imeloom.com\/laenutus\/wp-json\/wp\/v2\/product_brand?post=178"},{"taxonomy":"product_cat","embeddable":true,"href":"https:\/\/imeloom.com\/laenutus\/wp-json\/wp\/v2\/product_cat?post=178"},{"taxonomy":"product_tag","embeddable":true,"href":"https:\/\/imeloom.com\/laenutus\/wp-json\/wp\/v2\/product_tag?post=178"}],"curies":[{"name":"wp","href":"https:\/\/api.w.org\/{rel}","templated":true}]}}