{"id":171,"date":"2023-06-13T08:40:30","date_gmt":"2023-06-13T06:40:30","guid":{"rendered":"https:\/\/imeloom.com\/laenutus\/?post_type=product&#038;p=171"},"modified":"2025-03-16T21:38:23","modified_gmt":"2025-03-16T19:38:23","slug":"hiir-xs-s-m","status":"publish","type":"product","link":"https:\/\/imeloom.com\/laenutus\/hiir-xs-s-m\/","title":{"rendered":"Hiir XS\/S\/M"},"content":{"rendered":"<h2><strong>Hiire kost\u00fc\u00fcm<\/strong><\/h2>\n<p><strong>Suurus:<\/strong> t\u00e4iskasvanute XS\/S\/ v\u00e4iksem M<\/p>\n<p><strong>Komplekti kuulub:<\/strong>\u00a0 vest ja m\u00fcts.<\/p>\n<p>Vest kinnitub eest kahe takjapaelaga. Vestiga ei hakka liikudes palav. Alla saab panna nii l\u00fchikeste kui ka pikkade k\u00e4istega pluusi. Vesti saab panna ka \u00f5ueriiete peale. Vesti k\u00fcljes on ka saba.<\/p>\n<p>M\u00fcts pea\u00fcmberm\u00f5\u00f5dule 50-58 sentimeetrit.<br \/>\nH\u00e4stiistuv erineva suurusega peadele, sest m\u00fcts on kukla tagant kummiga.<\/p>\n<p>Materjal:\u00a0 fliis (100% pol\u00fcester)<\/p>\n<p>Modell pildil 12-aastane (160 cm)<\/p>\n<p>Materjal: 100% akr\u00fc\u00fcl (fliis)<\/p>\n<p>Rendi aeg kuni 1 n\u00e4dal paki k\u00e4ttesaamisest.<\/p>\n<p>Pane ostukorvi ka tagatis, ilma tagatiseta tellimust ei v\u00e4ljastata. Tagatise saab peale toote tagastamist tagasi.<\/p>\n<p>Postiga tellides lisandub postikulu, tagastamine on tasuta.<\/p>\n","protected":false},"excerpt":{"rendered":"<p>Hiire kost\u00fc\u00fcm Suurus: t\u00e4iskasvanute XS\/S\/ v\u00e4iksem M Komplekti kuulub:\u00a0 vest ja m\u00fcts. Vest kinnitub eest kahe takjapaelaga. Vestiga ei hakka liikudes palav. Alla saab panna nii l\u00fchikeste kui ka pikkade k\u00e4istega pluusi. Vesti saab panna ka \u00f5ueriiete peale. Vesti k\u00fcljes on ka saba. M\u00fcts pea\u00fcmberm\u00f5\u00f5dule 50-58 sentimeetrit. H\u00e4stiistuv erineva suurusega peadele, sest m\u00fcts on kukla [&hellip;]<\/p>\n","protected":false},"featured_media":177,"comment_status":"closed","ping_status":"closed","template":"","meta":{"site-sidebar-layout":"default","site-content-layout":"","ast-site-content-layout":"default","site-content-style":"default","site-sidebar-style":"default","ast-global-header-display":"","ast-banner-title-visibility":"","ast-main-header-display":"","ast-hfb-above-header-display":"","ast-hfb-below-header-display":"","ast-hfb-mobile-header-display":"","site-post-title":"","ast-breadcrumbs-content":"","ast-featured-img":"","footer-sml-layout":"","ast-disable-related-posts":"","theme-transparent-header-meta":"default","adv-header-id-meta":"","stick-header-meta":"","header-above-stick-meta":"","header-main-stick-meta":"","header-below-stick-meta":"","astra-migrate-meta-layouts":"set","ast-page-background-enabled":"default","ast-page-background-meta":{"desktop":{"background-color":"var(--ast-global-color-4)","background-image":"","background-repeat":"repeat","background-position":"center center","background-size":"auto","background-attachment":"scroll","background-type":"","background-media":"","overlay-type":"","overlay-color":"","overlay-opacity":"","overlay-gradient":""},"tablet":{"background-color":"","background-image":"","background-repeat":"repeat","background-position":"center center","background-size":"auto","background-attachment":"scroll","background-type":"","background-media":"","overlay-type":"","overlay-color":"","overlay-opacity":"","overlay-gradient":""},"mobile":{"background-color":"","background-image":"","background-repeat":"repeat","background-position":"center center","background-size":"auto","background-attachment":"scroll","background-type":"","background-media":"","overlay-type":"","overlay-color":"","overlay-opacity":"","overlay-gradient":""}},"ast-content-background-meta":{"desktop":{"background-color":"var(--ast-global-color-5)","background-image":"","background-repeat":"repeat","background-position":"center center","background-size":"auto","background-attachment":"scroll","background-type":"","background-media":"","overlay-type":"","overlay-color":"","overlay-opacity":"","overlay-gradient":""},"tablet":{"background-color":"var(--ast-global-color-5)","background-image":"","background-repeat":"repeat","background-position":"center center","background-size":"auto","background-attachment":"scroll","background-type":"","background-media":"","overlay-type":"","overlay-color":"","overlay-opacity":"","overlay-gradient":""},"mobile":{"background-color":"var(--ast-global-color-5)","background-image":"","background-repeat":"repeat","background-position":"center center","background-size":"auto","background-attachment":"scroll","background-type":"","background-media":"","overlay-type":"","overlay-color":"","overlay-opacity":"","overlay-gradient":""}}},"product_brand":[],"product_cat":[16],"product_tag":[77],"class_list":{"0":"post-171","1":"product","2":"type-product","3":"status-publish","4":"has-post-thumbnail","6":"product_cat-loomad","7":"product_tag-loomad","8":"product_size-s","9":"product_size-55","10":"product_size-57","11":"product_size-m","12":"product_size-xs","13":"desktop-align-left","14":"tablet-align-left","15":"mobile-align-left","16":"wcpa_has_options","18":"first","19":"instock","20":"shipping-taxable","21":"purchasable","22":"product-type-simple"},"_links":{"self":[{"href":"https:\/\/imeloom.com\/laenutus\/wp-json\/wp\/v2\/product\/171","targetHints":{"allow":["GET"]}}],"collection":[{"href":"https:\/\/imeloom.com\/laenutus\/wp-json\/wp\/v2\/product"}],"about":[{"href":"https:\/\/imeloom.com\/laenutus\/wp-json\/wp\/v2\/types\/product"}],"replies":[{"embeddable":true,"href":"https:\/\/imeloom.com\/laenutus\/wp-json\/wp\/v2\/comments?post=171"}],"wp:featuredmedia":[{"embeddable":true,"href":"https:\/\/imeloom.com\/laenutus\/wp-json\/wp\/v2\/media\/177"}],"wp:attachment":[{"href":"https:\/\/imeloom.com\/laenutus\/wp-json\/wp\/v2\/media?parent=171"}],"wp:term":[{"taxonomy":"product_brand","embeddable":true,"href":"https:\/\/imeloom.com\/laenutus\/wp-json\/wp\/v2\/product_brand?post=171"},{"taxonomy":"product_cat","embeddable":true,"href":"https:\/\/imeloom.com\/laenutus\/wp-json\/wp\/v2\/product_cat?post=171"},{"taxonomy":"product_tag","embeddable":true,"href":"https:\/\/imeloom.com\/laenutus\/wp-json\/wp\/v2\/product_tag?post=171"}],"curies":[{"name":"wp","href":"https:\/\/api.w.org\/{rel}","templated":true}]}}