{"id":140,"date":"2023-06-04T10:49:15","date_gmt":"2023-06-04T10:49:15","guid":{"rendered":"https:\/\/imeloom.com\/laenutus\/?post_type=product&#038;p=140"},"modified":"2024-03-22T16:14:41","modified_gmt":"2024-03-22T14:14:41","slug":"lovi-4a-m","status":"publish","type":"product","link":"https:\/\/imeloom.com\/laenutus\/lovi-4a-m\/","title":{"rendered":"L\u00f5vi 4A-M"},"content":{"rendered":"<h2>L\u00f5vi kost\u00fc\u00fcm<\/h2>\n<p><strong>Suurus :<\/strong> lapsed 4A kuni t\u00e4iskasvanud suurus M<\/p>\n<p>Komplekti kuuluvad l\u00f5vi vest ja peakate.<\/p>\n<p>Vesti laius: 55 cm (R\u00dc 110 cm)<br \/>\nVesti pikkus: 50 cm<\/p>\n<p>Modellid piltidel: 5-aastane, 14-aastane ja M- suuruses t\u00e4iskasvanu<\/p>\n<p>Materjal:\u00a0 pol\u00fcster<\/p>\n<p>Rendi aeg kuni 1 n\u00e4dal paki k\u00e4ttesaamisest.<\/p>\n<p>Pane ostukorvi ka tagatis, ilma tagatiseta tellimust ei v\u00e4ljastata. Tagatise saab peale toote tagastamist tagasi.<\/p>\n<p>Hinnale lisandub postikulu, tagastamine tasuta<\/p>\n","protected":false},"excerpt":{"rendered":"<p>L\u00f5vi kost\u00fc\u00fcm Suurus : lapsed 4A kuni t\u00e4iskasvanud suurus M Komplekti kuuluvad l\u00f5vi vest ja peakate. Vesti laius: 55 cm (R\u00dc 110 cm) Vesti pikkus: 50 cm Modellid piltidel: 5-aastane, 14-aastane ja M- suuruses t\u00e4iskasvanu Materjal:\u00a0 pol\u00fcster Rendi aeg kuni 1 n\u00e4dal paki k\u00e4ttesaamisest. Pane ostukorvi ka tagatis, ilma tagatiseta tellimust ei v\u00e4ljastata. Tagatise saab [&hellip;]<\/p>\n","protected":false},"featured_media":286,"comment_status":"closed","ping_status":"closed","template":"","meta":{"site-sidebar-layout":"default","site-content-layout":"","ast-site-content-layout":"default","site-content-style":"default","site-sidebar-style":"default","ast-global-header-display":"","ast-banner-title-visibility":"","ast-main-header-display":"","ast-hfb-above-header-display":"","ast-hfb-below-header-display":"","ast-hfb-mobile-header-display":"","site-post-title":"","ast-breadcrumbs-content":"","ast-featured-img":"","footer-sml-layout":"","ast-disable-related-posts":"","theme-transparent-header-meta":"default","adv-header-id-meta":"","stick-header-meta":"","header-above-stick-meta":"","header-main-stick-meta":"","header-below-stick-meta":"","astra-migrate-meta-layouts":"set","ast-page-background-enabled":"default","ast-page-background-meta":{"desktop":{"background-color":"var(--ast-global-color-4)","background-image":"","background-repeat":"repeat","background-position":"center center","background-size":"auto","background-attachment":"scroll","background-type":"","background-media":"","overlay-type":"","overlay-color":"","overlay-opacity":"","overlay-gradient":""},"tablet":{"background-color":"","background-image":"","background-repeat":"repeat","background-position":"center center","background-size":"auto","background-attachment":"scroll","background-type":"","background-media":"","overlay-type":"","overlay-color":"","overlay-opacity":"","overlay-gradient":""},"mobile":{"background-color":"","background-image":"","background-repeat":"repeat","background-position":"center center","background-size":"auto","background-attachment":"scroll","background-type":"","background-media":"","overlay-type":"","overlay-color":"","overlay-opacity":"","overlay-gradient":""}},"ast-content-background-meta":{"desktop":{"background-color":"var(--ast-global-color-5)","background-image":"","background-repeat":"repeat","background-position":"center center","background-size":"auto","background-attachment":"scroll","background-type":"","background-media":"","overlay-type":"","overlay-color":"","overlay-opacity":"","overlay-gradient":""},"tablet":{"background-color":"var(--ast-global-color-5)","background-image":"","background-repeat":"repeat","background-position":"center center","background-size":"auto","background-attachment":"scroll","background-type":"","background-media":"","overlay-type":"","overlay-color":"","overlay-opacity":"","overlay-gradient":""},"mobile":{"background-color":"var(--ast-global-color-5)","background-image":"","background-repeat":"repeat","background-position":"center center","background-size":"auto","background-attachment":"scroll","background-type":"","background-media":"","overlay-type":"","overlay-color":"","overlay-opacity":"","overlay-gradient":""}}},"product_brand":[],"product_cat":[16],"product_tag":[],"class_list":{"0":"post-140","1":"product","2":"type-product","3":"status-publish","4":"has-post-thumbnail","6":"product_cat-loomad","7":"product_size-37","8":"product_size-39","9":"product_size-41","10":"product_size-43","11":"product_size-45","12":"product_size-47","13":"product_size-49","14":"product_size-51","15":"product_size-53","16":"product_size-55","17":"product_size-57","18":"product_size-m","19":"product_size-s","20":"product_size-xs","21":"desktop-align-left","22":"tablet-align-left","23":"mobile-align-left","24":"wcpa_has_options","26":"first","27":"instock","28":"shipping-taxable","29":"purchasable","30":"product-type-simple"},"_links":{"self":[{"href":"https:\/\/imeloom.com\/laenutus\/wp-json\/wp\/v2\/product\/140","targetHints":{"allow":["GET"]}}],"collection":[{"href":"https:\/\/imeloom.com\/laenutus\/wp-json\/wp\/v2\/product"}],"about":[{"href":"https:\/\/imeloom.com\/laenutus\/wp-json\/wp\/v2\/types\/product"}],"replies":[{"embeddable":true,"href":"https:\/\/imeloom.com\/laenutus\/wp-json\/wp\/v2\/comments?post=140"}],"wp:featuredmedia":[{"embeddable":true,"href":"https:\/\/imeloom.com\/laenutus\/wp-json\/wp\/v2\/media\/286"}],"wp:attachment":[{"href":"https:\/\/imeloom.com\/laenutus\/wp-json\/wp\/v2\/media?parent=140"}],"wp:term":[{"taxonomy":"product_brand","embeddable":true,"href":"https:\/\/imeloom.com\/laenutus\/wp-json\/wp\/v2\/product_brand?post=140"},{"taxonomy":"product_cat","embeddable":true,"href":"https:\/\/imeloom.com\/laenutus\/wp-json\/wp\/v2\/product_cat?post=140"},{"taxonomy":"product_tag","embeddable":true,"href":"https:\/\/imeloom.com\/laenutus\/wp-json\/wp\/v2\/product_tag?post=140"}],"curies":[{"name":"wp","href":"https:\/\/api.w.org\/{rel}","templated":true}]}}